{"id":303,"date":"2021-12-16T09:24:30","date_gmt":"2021-12-16T08:24:30","guid":{"rendered":"http:\/\/borghi-impiantiwp.dev.elogic.it\/?page_id=3"},"modified":"2026-03-05T09:21:43","modified_gmt":"2026-03-05T08:21:43","slug":"privacy-policy","status":"publish","type":"page","link":"https:\/\/www.t-errepolska.com\/pl\/privacy-policy\/","title":{"rendered":"Privacy policy"},"content":{"rendered":"<p style=\"text-align: center;\"><strong>KLAUZULA INFORMACYJNA<\/strong><\/p>\n<p style=\"text-align: center;\"><strong>w zwi\u0105zku z przetwarzaniem danych w KSeF<\/strong><\/p>\n<p>&nbsp;<\/p>\n<ol>\n<li><strong>Administratorem<\/strong> Pani\/Pana danych osobowych jest sp\u00f3\u0142ka pod firm\u0105 T.ERRE POLSKA sp. z o.o.<br \/>\nz\/s w Czechowicach-Dziedzicach, NIP: 526-273-09-14. Kontakt z Administratorem: ul. Orzeszkowej 32, 43-502 Czechowice-Dziedzice, e-mail: <a href=\"mailto:office@t-errepolska.com\">office@t-errepolska.com<\/a><\/li>\n<li><strong>Administrator wyznaczy\u0142 Inspektora Ochrony Danych<\/strong>. W sprawach zwi\u0105zanych z ochron\u0105 danych mo\u017cna si\u0119 skontaktowa\u0107 pisemnie na adres pocztowy Administratora lub drog\u0105 elektroniczn\u0105 pod adresem e-mail: <a href=\"mailto:iod@mbm.bielsko.pl\">iod@mbm.bielsko.pl<\/a><\/li>\n<li><strong>Dane osobowe b\u0119d\u0105 przetwarzane<\/strong> na podstawie art. 6 ust. 1 lit. c og\u00f3lnego rozporz\u0105dzenia<br \/>\no ochronie danych osobowych (dalej: RODO) \u2013 obowi\u0105zek administratora w zwi\u0105zku<br \/>\nz przepisami ustawy z dnia 11 marca 2004 roku o podatku od towar\u00f3w i us\u0142ug oraz rozporz\u0105dzeniem Ministra Finans\u00f3w z 27 grudnia 2021 roku w sprawie korzystania z Krajowego Systemu e-Faktur<br \/>\nw celu wykonania obowi\u0105zku prawnego ci\u0105\u017c\u0105cego na administratorze polegaj\u0105cego na wykonywaniu czynno\u015bci w systemie informatycznym Szefa Krajowej Administracji Skarbowej, tj.: Krajowym Systemie e-Faktur (dalej: KSeF) polegaj\u0105cym na wystawianiu i odbieraniu faktur ustrukturyzowanych.<\/li>\n<li><strong>Odbiorcami Pani\/Pana danych osobowych<\/strong> mog\u0105 by\u0107:<\/li>\n<\/ol>\n<ul>\n<li>podmioty z kt\u00f3rymi Administrator zawar\u0142 umow\u0119 powierzenia przetwarzania danych osobowych, kt\u00f3re \u015bwiadcz\u0105 obs\u0142ug\u0119 dzia\u0142alno\u015bci administratora;<\/li>\n<li>organy i inne podmioty, w tym podmioty publiczne, uprawnione do uzyskania Pani\/Pana danych osobowych na podstawie powszechnie obowi\u0105zuj\u0105cych przepis\u00f3w prawa, a tak\u017ce Szefowi Krajowej Administracji Skarbowej w zwi\u0105zku z wystawianiem faktur w KSe-F.<\/li>\n<\/ul>\n<ol start=\"5\">\n<li><strong>Dane osobowe<\/strong> <strong>b\u0119d\u0105 przetwarzane<\/strong> w ramach czynno\u015bci polegaj\u0105cej na wystawianiu<br \/>\ni odbieraniu faktur, b\u0119d\u0105 udost\u0119pniane wy\u0142\u0105cznie podmiotom uprawnionym do ich przetwarzania na podstawie przepis\u00f3w prawa, tj.: policja, s\u0105dy, prokuratura, komornicy s\u0105dowi (inne organy egzekucyjne).<\/li>\n<li><strong>Administrator nie ma zamiaru przekazywa\u0107 Pani\/Pana danych osobowych<\/strong> do pa\u0144stwa trzeciego lub organizacji mi\u0119dzynarodowej, jak r\u00f3wnie\u017c nie b\u0119d\u0105 wykorzystywane do cel\u00f3w innych ni\u017c te, dla kt\u00f3rych zosta\u0142y pierwotnie zebrane.<\/li>\n<li><strong>Pani\/Pana dane osobowe b\u0119d\u0105 przechowywane do momentu przedawnienia<\/strong> zobowi\u0105zania podatkowego, dane osobowe (zawarte w fakturach) b\u0119d\u0105 ponadto przechowywane w KSeF przez okres 10 lat od momentu wystawienia.<\/li>\n<li><strong>Przys\u0142uguje Pani\/Panu prawo dost\u0119pu do tre\u015bci<\/strong> swoich danych oraz prawo sprostowania, usuni\u0119cia w przepadkach przewidzianych przepisami prawa wniesienie roszczenia polegaj\u0105cego na \u017c\u0105daniu ograniczenia przetwarzania danych osobowych.<\/li>\n<li><strong>Przys\u0142uguje Pani\/Panu prawo wniesienia skargi<\/strong> do organu nadzorczego, tj.: Prezesa Urz\u0119du Ochrony Danych Osobowych z\/s w Warszawie.<\/li>\n<li><strong>Podanie przez Pani\u0105\/Pana swoich danych jest ustawowym obowi\u0105zkiem<\/strong>. Brak podania danych skutkowa\u0107 b\u0119dzie niemo\u017cno\u015bci\u0105 wystawienia Fv, a tym samym zaprzestania wsp\u00f3\u0142pracy.<\/li>\n<li><strong>W stosunku do Pani\/Pana nie b\u0119d\u0105 podejmowane decyzje<\/strong> w spos\u00f3b zautomatyzowany, w tym decyzje opieraj\u0105ce si\u0119 na profilowaniu.<\/li>\n<\/ol>\n<p>&nbsp;<\/p>\n<p>&nbsp;<\/p>","protected":false},"excerpt":{"rendered":"<p>KLAUZULA INFORMACYJNA w zwi\u0105zku z przetwarzaniem danych w KSeF &nbsp; Administratorem Pani\/Pana danych osobowych jest sp\u00f3\u0142ka pod firm\u0105 T.ERRE POLSKA sp. z o.o. z\/s w Czechowicach-Dziedzicach, NIP: 526-273-09-14. Kontakt z Administratorem: ul. Orzeszkowej 32, 43-502 Czechowice-Dziedzice, e-mail: office@t-errepolska.com Administrator wyznaczy\u0142 Inspektora Ochrony Danych. W sprawach zwi\u0105zanych z ochron\u0105 danych mo\u017cna si\u0119 skontaktowa\u0107 pisemnie na adres [&hellip;]<\/p>","protected":false},"author":1,"featured_media":0,"parent":0,"menu_order":0,"comment_status":"closed","ping_status":"open","template":"","meta":{"_acf_changed":false,"footnotes":""},"class_list":["post-303","page","type-page","status-publish","hentry"],"acf":[],"yoast_head":"<!-- This site is optimized with the Yoast SEO plugin v25.1 - https:\/\/yoast.com\/wordpress\/plugins\/seo\/ -->\n<title>Privacy policy | T-ERRE Polska<\/title>\n<meta name=\"robots\" content=\"index, follow, max-snippet:-1, max-image-preview:large, max-video-preview:-1\" \/>\n<link rel=\"canonical\" href=\"https:\/\/www.t-errepolska.com\/pl\/privacy-policy\/\" \/>\n<meta property=\"og:locale\" content=\"pl_PL\" \/>\n<meta property=\"og:type\" content=\"article\" \/>\n<meta property=\"og:title\" content=\"Privacy policy | T-ERRE Polska\" \/>\n<meta property=\"og:description\" content=\"KLAUZULA INFORMACYJNA w zwi\u0105zku z przetwarzaniem danych w KSeF &nbsp; Administratorem Pani\/Pana danych osobowych jest sp\u00f3\u0142ka pod firm\u0105 T.ERRE POLSKA sp. z o.o. z\/s w Czechowicach-Dziedzicach, NIP: 526-273-09-14. Kontakt z Administratorem: ul. Orzeszkowej 32, 43-502 Czechowice-Dziedzice, e-mail: office@t-errepolska.com Administrator wyznaczy\u0142 Inspektora Ochrony Danych. W sprawach zwi\u0105zanych z ochron\u0105 danych mo\u017cna si\u0119 skontaktowa\u0107 pisemnie na adres [&hellip;]\" \/>\n<meta property=\"og:url\" content=\"https:\/\/www.t-errepolska.com\/pl\/privacy-policy\/\" \/>\n<meta property=\"og:site_name\" content=\"T-ERRE Polska\" \/>\n<meta property=\"article:modified_time\" content=\"2026-03-05T08:21:43+00:00\" \/>\n<meta name=\"twitter:card\" content=\"summary_large_image\" \/>\n<meta name=\"twitter:label1\" content=\"Szacowany czas czytania\" \/>\n\t<meta name=\"twitter:data1\" content=\"2 minuty\" \/>\n<script type=\"application\/ld+json\" class=\"yoast-schema-graph\">{\"@context\":\"https:\/\/schema.org\",\"@graph\":[{\"@type\":\"WebPage\",\"@id\":\"https:\/\/www.t-errepolska.com\/privacy-policy\/\",\"url\":\"https:\/\/www.t-errepolska.com\/privacy-policy\/\",\"name\":\"Privacy policy | T-ERRE Polska\",\"isPartOf\":{\"@id\":\"https:\/\/www.t-errepolska.com\/#website\"},\"datePublished\":\"2021-12-16T08:24:30+00:00\",\"dateModified\":\"2026-03-05T08:21:43+00:00\",\"breadcrumb\":{\"@id\":\"https:\/\/www.t-errepolska.com\/privacy-policy\/#breadcrumb\"},\"inLanguage\":\"pl-PL\",\"potentialAction\":[{\"@type\":\"ReadAction\",\"target\":[\"https:\/\/www.t-errepolska.com\/privacy-policy\/\"]}]},{\"@type\":\"BreadcrumbList\",\"@id\":\"https:\/\/www.t-errepolska.com\/privacy-policy\/#breadcrumb\",\"itemListElement\":[{\"@type\":\"ListItem\",\"position\":1,\"name\":\"Home\",\"item\":\"https:\/\/www.t-errepolska.com\/\"},{\"@type\":\"ListItem\",\"position\":2,\"name\":\"Privacy policy\"}]},{\"@type\":\"WebSite\",\"@id\":\"https:\/\/www.t-errepolska.com\/#website\",\"url\":\"https:\/\/www.t-errepolska.com\/\",\"name\":\"T-ERRE Polska\",\"description\":\"\",\"publisher\":{\"@id\":\"https:\/\/www.t-errepolska.com\/#organization\"},\"potentialAction\":[{\"@type\":\"SearchAction\",\"target\":{\"@type\":\"EntryPoint\",\"urlTemplate\":\"https:\/\/www.t-errepolska.com\/?s={search_term_string}\"},\"query-input\":{\"@type\":\"PropertyValueSpecification\",\"valueRequired\":true,\"valueName\":\"search_term_string\"}}],\"inLanguage\":\"pl-PL\"},{\"@type\":\"Organization\",\"@id\":\"https:\/\/www.t-errepolska.com\/#organization\",\"name\":\"T-ERRE Polska\",\"url\":\"https:\/\/www.t-errepolska.com\/\",\"logo\":{\"@type\":\"ImageObject\",\"inLanguage\":\"pl-PL\",\"@id\":\"https:\/\/www.t-errepolska.com\/#\/schema\/logo\/image\/\",\"url\":\"https:\/\/www.t-errepolska.com\/wp-content\/uploads\/2021\/12\/logo_orizzontale_polonia-1.png\",\"contentUrl\":\"https:\/\/www.t-errepolska.com\/wp-content\/uploads\/2021\/12\/logo_orizzontale_polonia-1.png\",\"width\":502,\"height\":160,\"caption\":\"T-ERRE Polska\"},\"image\":{\"@id\":\"https:\/\/www.t-errepolska.com\/#\/schema\/logo\/image\/\"}}]}<\/script>\n<!-- \/ Yoast SEO plugin. -->","yoast_head_json":{"title":"Privacy policy | T-ERRE Polska","robots":{"index":"index","follow":"follow","max-snippet":"max-snippet:-1","max-image-preview":"max-image-preview:large","max-video-preview":"max-video-preview:-1"},"canonical":"https:\/\/www.t-errepolska.com\/pl\/privacy-policy\/","og_locale":"pl_PL","og_type":"article","og_title":"Privacy policy | T-ERRE Polska","og_description":"KLAUZULA INFORMACYJNA w zwi\u0105zku z przetwarzaniem danych w KSeF &nbsp; Administratorem Pani\/Pana danych osobowych jest sp\u00f3\u0142ka pod firm\u0105 T.ERRE POLSKA sp. z o.o. z\/s w Czechowicach-Dziedzicach, NIP: 526-273-09-14. Kontakt z Administratorem: ul. Orzeszkowej 32, 43-502 Czechowice-Dziedzice, e-mail: office@t-errepolska.com Administrator wyznaczy\u0142 Inspektora Ochrony Danych. W sprawach zwi\u0105zanych z ochron\u0105 danych mo\u017cna si\u0119 skontaktowa\u0107 pisemnie na adres [&hellip;]","og_url":"https:\/\/www.t-errepolska.com\/pl\/privacy-policy\/","og_site_name":"T-ERRE Polska","article_modified_time":"2026-03-05T08:21:43+00:00","twitter_card":"summary_large_image","twitter_misc":{"Szacowany czas czytania":"2 minuty"},"schema":{"@context":"https:\/\/schema.org","@graph":[{"@type":"WebPage","@id":"https:\/\/www.t-errepolska.com\/privacy-policy\/","url":"https:\/\/www.t-errepolska.com\/privacy-policy\/","name":"Privacy policy | T-ERRE Polska","isPartOf":{"@id":"https:\/\/www.t-errepolska.com\/#website"},"datePublished":"2021-12-16T08:24:30+00:00","dateModified":"2026-03-05T08:21:43+00:00","breadcrumb":{"@id":"https:\/\/www.t-errepolska.com\/privacy-policy\/#breadcrumb"},"inLanguage":"pl-PL","potentialAction":[{"@type":"ReadAction","target":["https:\/\/www.t-errepolska.com\/privacy-policy\/"]}]},{"@type":"BreadcrumbList","@id":"https:\/\/www.t-errepolska.com\/privacy-policy\/#breadcrumb","itemListElement":[{"@type":"ListItem","position":1,"name":"Home","item":"https:\/\/www.t-errepolska.com\/"},{"@type":"ListItem","position":2,"name":"Privacy policy"}]},{"@type":"WebSite","@id":"https:\/\/www.t-errepolska.com\/#website","url":"https:\/\/www.t-errepolska.com\/","name":"T-ERRE Polska","description":"","publisher":{"@id":"https:\/\/www.t-errepolska.com\/#organization"},"potentialAction":[{"@type":"SearchAction","target":{"@type":"EntryPoint","urlTemplate":"https:\/\/www.t-errepolska.com\/?s={search_term_string}"},"query-input":{"@type":"PropertyValueSpecification","valueRequired":true,"valueName":"search_term_string"}}],"inLanguage":"pl-PL"},{"@type":"Organization","@id":"https:\/\/www.t-errepolska.com\/#organization","name":"T-ERRE Polska","url":"https:\/\/www.t-errepolska.com\/","logo":{"@type":"ImageObject","inLanguage":"pl-PL","@id":"https:\/\/www.t-errepolska.com\/#\/schema\/logo\/image\/","url":"https:\/\/www.t-errepolska.com\/wp-content\/uploads\/2021\/12\/logo_orizzontale_polonia-1.png","contentUrl":"https:\/\/www.t-errepolska.com\/wp-content\/uploads\/2021\/12\/logo_orizzontale_polonia-1.png","width":502,"height":160,"caption":"T-ERRE Polska"},"image":{"@id":"https:\/\/www.t-errepolska.com\/#\/schema\/logo\/image\/"}}]}},"_links":{"self":[{"href":"https:\/\/www.t-errepolska.com\/pl\/wp-json\/wp\/v2\/pages\/303","targetHints":{"allow":["GET"]}}],"collection":[{"href":"https:\/\/www.t-errepolska.com\/pl\/wp-json\/wp\/v2\/pages"}],"about":[{"href":"https:\/\/www.t-errepolska.com\/pl\/wp-json\/wp\/v2\/types\/page"}],"author":[{"embeddable":true,"href":"https:\/\/www.t-errepolska.com\/pl\/wp-json\/wp\/v2\/users\/1"}],"replies":[{"embeddable":true,"href":"https:\/\/www.t-errepolska.com\/pl\/wp-json\/wp\/v2\/comments?post=303"}],"version-history":[{"count":8,"href":"https:\/\/www.t-errepolska.com\/pl\/wp-json\/wp\/v2\/pages\/303\/revisions"}],"predecessor-version":[{"id":1679,"href":"https:\/\/www.t-errepolska.com\/pl\/wp-json\/wp\/v2\/pages\/303\/revisions\/1679"}],"wp:attachment":[{"href":"https:\/\/www.t-errepolska.com\/pl\/wp-json\/wp\/v2\/media?parent=303"}],"curies":[{"name":"wp","href":"https:\/\/api.w.org\/{rel}","templated":true}]}}