{"id":281,"date":"2022-03-22T10:03:55","date_gmt":"2022-03-22T09:03:55","guid":{"rendered":"http:\/\/t-errepolska.dev.elogic.it\/?page_id=281"},"modified":"2022-04-26T08:52:33","modified_gmt":"2022-04-26T06:52:33","slug":"pracuj-z-nami","status":"publish","type":"page","link":"https:\/\/www.t-errepolska.com\/pl\/pracuj-z-nami\/","title":{"rendered":"Pracuj z nami"},"content":{"rendered":"<div data-elementor-type=\"wp-page\" data-elementor-id=\"281\" class=\"elementor elementor-281\" data-elementor-post-type=\"page\">\n\t\t\t\t\t\t<section data-dce-background-image-url=\"https:\/\/www.t-errepolska.com\/wp-content\/uploads\/2021\/12\/3.17.1_3.17.1.jpg\" class=\"elementor-section elementor-top-section elementor-element elementor-element-414f5beb elementor-section-full_width elementor-section-height-min-height elementor-section-height-default elementor-section-items-middle\" data-id=\"414f5beb\" data-element_type=\"section\" data-settings=\"{&quot;background_background&quot;:&quot;classic&quot;}\">\n\t\t\t\t\t\t<div class=\"elementor-container elementor-column-gap-no\">\n\t\t\t\t\t<div class=\"elementor-column elementor-col-100 elementor-top-column elementor-element elementor-element-7dc1b9e8\" data-id=\"7dc1b9e8\" data-element_type=\"column\">\n\t\t\t<div class=\"elementor-widget-wrap\">\n\t\t\t\t\t\t\t<\/div>\n\t\t<\/div>\n\t\t\t\t\t<\/div>\n\t\t<\/section>\n\t\t\t\t<section data-dce-background-color=\"#4B4B4B\" class=\"elementor-section elementor-top-section elementor-element elementor-element-6255ead2 elementor-section-full_width elementor-section-height-default elementor-section-height-default\" data-id=\"6255ead2\" data-element_type=\"section\" data-settings=\"{&quot;background_background&quot;:&quot;classic&quot;}\">\n\t\t\t\t\t\t<div class=\"elementor-container elementor-column-gap-default\">\n\t\t\t\t\t<div class=\"elementor-column elementor-col-100 elementor-top-column elementor-element elementor-element-3551ea5f\" data-id=\"3551ea5f\" data-element_type=\"column\">\n\t\t\t<div class=\"elementor-widget-wrap elementor-element-populated\">\n\t\t\t\t\t\t<div class=\"elementor-element elementor-element-4f1232b4 elementor-widget elementor-widget-heading\" data-id=\"4f1232b4\" data-element_type=\"widget\" data-widget_type=\"heading.default\">\n\t\t\t\t<div class=\"elementor-widget-container\">\n\t\t\t\t\t<h2 class=\"elementor-heading-title elementor-size-default\">Pracuj z nami\n\n<\/h2>\t\t\t\t<\/div>\n\t\t\t\t<\/div>\n\t\t\t\t\t<\/div>\n\t\t<\/div>\n\t\t\t\t\t<\/div>\n\t\t<\/section>\n\t\t\t\t<section class=\"elementor-section elementor-top-section elementor-element elementor-element-400474d8 elementor-section-boxed elementor-section-height-default elementor-section-height-default\" data-id=\"400474d8\" data-element_type=\"section\">\n\t\t\t\t\t\t<div class=\"elementor-container elementor-column-gap-default\">\n\t\t\t\t\t<div class=\"elementor-column elementor-col-50 elementor-top-column elementor-element elementor-element-4ff309b3\" data-id=\"4ff309b3\" data-element_type=\"column\">\n\t\t\t<div class=\"elementor-widget-wrap elementor-element-populated\">\n\t\t\t\t\t\t<section data-dce-background-color=\"#F6F6F6\" class=\"elementor-section elementor-inner-section elementor-element elementor-element-901c2a0 elementor-section-boxed elementor-section-height-default elementor-section-height-default\" data-id=\"901c2a0\" data-element_type=\"section\" data-settings=\"{&quot;background_background&quot;:&quot;classic&quot;}\">\n\t\t\t\t\t\t<div class=\"elementor-container elementor-column-gap-default\">\n\t\t\t\t\t<div class=\"elementor-column elementor-col-100 elementor-inner-column elementor-element elementor-element-7e49a41\" data-id=\"7e49a41\" data-element_type=\"column\">\n\t\t\t<div class=\"elementor-widget-wrap elementor-element-populated\">\n\t\t\t\t\t\t<div class=\"elementor-element elementor-element-c4cc0c5 elementor-widget elementor-widget-heading\" data-id=\"c4cc0c5\" data-element_type=\"widget\" data-widget_type=\"heading.default\">\n\t\t\t\t<div class=\"elementor-widget-container\">\n\t\t\t\t\t<span class=\"elementor-heading-title elementor-size-default\">W tej sekcji:<\/span>\t\t\t\t<\/div>\n\t\t\t\t<\/div>\n\t\t\t\t<div class=\"elementor-element elementor-element-41c4d5f elementor-widget-divider--view-line elementor-widget elementor-widget-divider\" data-id=\"41c4d5f\" data-element_type=\"widget\" data-widget_type=\"divider.default\">\n\t\t\t\t<div class=\"elementor-widget-container\">\n\t\t\t\t\t\t\t<div class=\"elementor-divider\">\n\t\t\t<span class=\"elementor-divider-separator\">\n\t\t\t\t\t\t<\/span>\n\t\t<\/div>\n\t\t\t\t\t\t<\/div>\n\t\t\t\t<\/div>\n\t\t\t\t<div class=\"elementor-element elementor-element-6d6b59d elementor-nav-menu__align-start elementor-nav-menu--dropdown-none elementor-widget elementor-widget-nav-menu\" data-id=\"6d6b59d\" data-element_type=\"widget\" data-settings=\"{&quot;layout&quot;:&quot;vertical&quot;,&quot;submenu_icon&quot;:{&quot;value&quot;:&quot;&lt;i class=\\&quot;\\&quot;&gt;&lt;\\\/i&gt;&quot;,&quot;library&quot;:&quot;&quot;}}\" data-widget_type=\"nav-menu.default\">\n\t\t\t\t<div class=\"elementor-widget-container\">\n\t\t\t\t\t\t\t\t<nav aria-label=\"Menu\" class=\"elementor-nav-menu--main elementor-nav-menu__container elementor-nav-menu--layout-vertical e--pointer-background e--animation-fade\">\n\t\t\t\t<ul id=\"menu-1-6d6b59d\" class=\"elementor-nav-menu sm-vertical\"><li class=\"menu-item menu-item-type-custom menu-item-object-custom menu-item-283\"><a href=\"https:\/\/careers.t-errepolska.com\/\" class=\"elementor-item\">Aktualne oferty pracy<\/a><\/li>\n<li class=\"menu-item menu-item-type-custom menu-item-object-custom menu-item-285\"><a href=\"https:\/\/careers.t-errepolska.com\/jobs\/send-cv\" class=\"elementor-item\">Aplikacja spontaniczna<\/a><\/li>\n<li class=\"menu-item menu-item-type-custom menu-item-object-custom menu-item-286\"><a href=\"https:\/\/careers.t-errepolska.com\/account\/login?PreviousPage=\/account\" class=\"elementor-item\">Moje konto<\/a><\/li>\n<\/ul>\t\t\t<\/nav>\n\t\t\t\t\t\t<nav class=\"elementor-nav-menu--dropdown elementor-nav-menu__container\" aria-hidden=\"true\">\n\t\t\t\t<ul id=\"menu-2-6d6b59d\" class=\"elementor-nav-menu sm-vertical\"><li class=\"menu-item menu-item-type-custom menu-item-object-custom menu-item-283\"><a href=\"https:\/\/careers.t-errepolska.com\/\" class=\"elementor-item\" tabindex=\"-1\">Aktualne oferty pracy<\/a><\/li>\n<li class=\"menu-item menu-item-type-custom menu-item-object-custom menu-item-285\"><a href=\"https:\/\/careers.t-errepolska.com\/jobs\/send-cv\" class=\"elementor-item\" tabindex=\"-1\">Aplikacja spontaniczna<\/a><\/li>\n<li class=\"menu-item menu-item-type-custom menu-item-object-custom menu-item-286\"><a href=\"https:\/\/careers.t-errepolska.com\/account\/login?PreviousPage=\/account\" class=\"elementor-item\" tabindex=\"-1\">Moje konto<\/a><\/li>\n<\/ul>\t\t\t<\/nav>\n\t\t\t\t\t\t<\/div>\n\t\t\t\t<\/div>\n\t\t\t\t\t<\/div>\n\t\t<\/div>\n\t\t\t\t\t<\/div>\n\t\t<\/section>\n\t\t\t\t\t<\/div>\n\t\t<\/div>\n\t\t\t\t<div class=\"elementor-column elementor-col-50 elementor-top-column elementor-element elementor-element-447099f6\" data-id=\"447099f6\" data-element_type=\"column\">\n\t\t\t<div class=\"elementor-widget-wrap elementor-element-populated\">\n\t\t\t\t\t\t<div class=\"elementor-element elementor-element-1e4b4301 elementor-widget elementor-widget-heading\" data-id=\"1e4b4301\" data-element_type=\"widget\" data-widget_type=\"heading.default\">\n\t\t\t\t<div class=\"elementor-widget-container\">\n\t\t\t\t\t<h2 class=\"elementor-heading-title elementor-size-default\">DLACZEGO T.ERRE POLSKA?<\/h2>\t\t\t\t<\/div>\n\t\t\t\t<\/div>\n\t\t\t\t<div class=\"elementor-element elementor-element-230af48b elementor-widget elementor-widget-text-editor\" data-id=\"230af48b\" data-element_type=\"widget\" data-widget_type=\"text-editor.default\">\n\t\t\t\t<div class=\"elementor-widget-container\">\n\t\t\t\t\t\t\t\t\t<p>W T.Erre Polska d\u0105\u017cymy do stworzenia miejsca pracy opartego na etyce, zaufaniu, przejrzysto\u015bci, profesjonalizmie i pracy zespo\u0142owej.<\/p><p>Pracownicy s\u0105 w centrum naszego systemu warto\u015bci. Naszym g\u0142\u00f3wnym celem jest stworzenie przyjaznego \u015brodowiska pracy\u00a0opartego\u00a0na wzajemnym szacunku.<\/p>\t\t\t\t\t\t\t\t<\/div>\n\t\t\t\t<\/div>\n\t\t\t\t<section data-dce-background-image-url=\"https:\/\/www.t-errepolska.com\/wp-content\/uploads\/2021\/12\/4.8.2_4.8.2.jpg\" class=\"elementor-section elementor-inner-section elementor-element elementor-element-42eeb08f elementor-section-height-min-height elementor-section-boxed elementor-section-height-default\" data-id=\"42eeb08f\" data-element_type=\"section\" data-settings=\"{&quot;background_background&quot;:&quot;classic&quot;}\">\n\t\t\t\t\t\t\t<div class=\"elementor-background-overlay\"><\/div>\n\t\t\t\t\t\t\t<div class=\"elementor-container elementor-column-gap-default\">\n\t\t\t\t\t<div data-dce-background-color=\"#97BF3CCF\" class=\"elementor-column elementor-col-50 elementor-inner-column elementor-element elementor-element-6baa9b10\" data-id=\"6baa9b10\" data-element_type=\"column\" data-settings=\"{&quot;background_background&quot;:&quot;classic&quot;}\">\n\t\t\t<div class=\"elementor-widget-wrap elementor-element-populated\">\n\t\t\t\t\t\t<div class=\"elementor-element elementor-element-7785ca65 elementor-widget elementor-widget-heading\" data-id=\"7785ca65\" data-element_type=\"widget\" data-widget_type=\"heading.default\">\n\t\t\t\t<div class=\"elementor-widget-container\">\n\t\t\t\t\t<h5 class=\"elementor-heading-title elementor-size-default\">\u015arodowisko T.Erre Polska<\/h5>\t\t\t\t<\/div>\n\t\t\t\t<\/div>\n\t\t\t\t<div class=\"elementor-element elementor-element-481f00d3 elementor-widget elementor-widget-heading\" data-id=\"481f00d3\" data-element_type=\"widget\" data-widget_type=\"heading.default\">\n\t\t\t\t<div class=\"elementor-widget-container\">\n\t\t\t\t\t<h2 class=\"elementor-heading-title elementor-size-default\">APLIKUJ TERAZ<\/h2>\t\t\t\t<\/div>\n\t\t\t\t<\/div>\n\t\t\t\t<div class=\"elementor-element elementor-element-565acd6 elementor-widget elementor-widget-text-editor\" data-id=\"565acd6\" data-element_type=\"widget\" data-widget_type=\"text-editor.default\">\n\t\t\t\t<div class=\"elementor-widget-container\">\n\t\t\t\t\t\t\t\t\t<p>Je\u015bli jeste\u015b got\u00f3w do\u0142\u0105czy\u0107 do naszego zespo\u0142u,\u00a0wybierz interesuj\u0105ce Ci\u0119 stanowisko i prze\u015blij nam swoj\u0105 aplikacj\u0119.<\/p>\t\t\t\t\t\t\t\t<\/div>\n\t\t\t\t<\/div>\n\t\t\t\t<div class=\"elementor-element elementor-element-eb4d1a0 elementor-align-center elementor-widget elementor-widget-button\" data-id=\"eb4d1a0\" data-element_type=\"widget\" data-widget_type=\"button.default\">\n\t\t\t\t<div class=\"elementor-widget-container\">\n\t\t\t\t\t\t\t\t\t<div class=\"elementor-button-wrapper\">\n\t\t\t\t\t<a class=\"elementor-button elementor-button-link elementor-size-sm\" href=\"https:\/\/careers.t-errepolska.com\/\">\n\t\t\t\t\t\t<span class=\"elementor-button-content-wrapper\">\n\t\t\t\t\t\t\t\t\t<span class=\"elementor-button-text\">APLIKUJ TERAZ<\/span>\n\t\t\t\t\t<\/span>\n\t\t\t\t\t<\/a>\n\t\t\t\t<\/div>\n\t\t\t\t\t\t\t\t<\/div>\n\t\t\t\t<\/div>\n\t\t\t\t\t<\/div>\n\t\t<\/div>\n\t\t\t\t<div class=\"elementor-column elementor-col-50 elementor-inner-column elementor-element elementor-element-1e23b151\" data-id=\"1e23b151\" data-element_type=\"column\">\n\t\t\t<div class=\"elementor-widget-wrap\">\n\t\t\t\t\t\t\t<\/div>\n\t\t<\/div>\n\t\t\t\t\t<\/div>\n\t\t<\/section>\n\t\t\t\t\t<\/div>\n\t\t<\/div>\n\t\t\t\t\t<\/div>\n\t\t<\/section>\n\t\t\t\t<\/div>","protected":false},"excerpt":{"rendered":"<p>Pracuj z nami W tej sekcji: DLACZEGO T.ERRE POLSKA? W T.Erre Polska d\u0105\u017cymy do stworzenia miejsca pracy opartego na etyce, zaufaniu, przejrzysto\u015bci, profesjonalizmie i pracy zespo\u0142owej. Pracownicy s\u0105 w centrum naszego systemu warto\u015bci. Naszym g\u0142\u00f3wnym celem jest stworzenie przyjaznego \u015brodowiska pracy\u00a0opartego\u00a0na wzajemnym szacunku. \u015arodowisko T.Erre Polska APLIKUJ TERAZ Je\u015bli jeste\u015b got\u00f3w do\u0142\u0105czy\u0107 do naszego zespo\u0142u,\u00a0wybierz [&hellip;]<\/p>","protected":false},"author":1,"featured_media":0,"parent":0,"menu_order":0,"comment_status":"closed","ping_status":"closed","template":"","meta":{"_acf_changed":false,"footnotes":""},"class_list":["post-281","page","type-page","status-publish","hentry"],"acf":[],"yoast_head":"<!-- This site is optimized with the Yoast SEO plugin v25.1 - https:\/\/yoast.com\/wordpress\/plugins\/seo\/ -->\n<title>Pracuj z nami | T-ERRE Polska<\/title>\n<meta name=\"robots\" content=\"index, follow, max-snippet:-1, max-image-preview:large, max-video-preview:-1\" \/>\n<link rel=\"canonical\" href=\"https:\/\/www.t-errepolska.com\/pl\/pracuj-z-nami\/\" \/>\n<meta property=\"og:locale\" content=\"pl_PL\" \/>\n<meta property=\"og:type\" content=\"article\" \/>\n<meta property=\"og:title\" content=\"Pracuj z nami | T-ERRE Polska\" \/>\n<meta property=\"og:description\" content=\"Pracuj z nami W tej sekcji: DLACZEGO T.ERRE POLSKA? W T.Erre Polska d\u0105\u017cymy do stworzenia miejsca pracy opartego na etyce, zaufaniu, przejrzysto\u015bci, profesjonalizmie i pracy zespo\u0142owej. Pracownicy s\u0105 w centrum naszego systemu warto\u015bci. Naszym g\u0142\u00f3wnym celem jest stworzenie przyjaznego \u015brodowiska pracy\u00a0opartego\u00a0na wzajemnym szacunku. \u015arodowisko T.Erre Polska APLIKUJ TERAZ Je\u015bli jeste\u015b got\u00f3w do\u0142\u0105czy\u0107 do naszego zespo\u0142u,\u00a0wybierz [&hellip;]\" \/>\n<meta property=\"og:url\" content=\"https:\/\/www.t-errepolska.com\/pl\/pracuj-z-nami\/\" \/>\n<meta property=\"og:site_name\" content=\"T-ERRE Polska\" \/>\n<meta property=\"article:modified_time\" content=\"2022-04-26T06:52:33+00:00\" \/>\n<meta name=\"twitter:card\" content=\"summary_large_image\" \/>\n<meta name=\"twitter:label1\" content=\"Szacowany czas czytania\" \/>\n\t<meta name=\"twitter:data1\" content=\"1 minuta\" \/>\n<script type=\"application\/ld+json\" class=\"yoast-schema-graph\">{\"@context\":\"https:\/\/schema.org\",\"@graph\":[{\"@type\":\"WebPage\",\"@id\":\"https:\/\/www.t-errepolska.com\/pracuj-z-nami\/\",\"url\":\"https:\/\/www.t-errepolska.com\/pracuj-z-nami\/\",\"name\":\"Pracuj z nami | T-ERRE Polska\",\"isPartOf\":{\"@id\":\"https:\/\/www.t-errepolska.com\/#website\"},\"datePublished\":\"2022-03-22T09:03:55+00:00\",\"dateModified\":\"2022-04-26T06:52:33+00:00\",\"breadcrumb\":{\"@id\":\"https:\/\/www.t-errepolska.com\/pracuj-z-nami\/#breadcrumb\"},\"inLanguage\":\"pl-PL\",\"potentialAction\":[{\"@type\":\"ReadAction\",\"target\":[\"https:\/\/www.t-errepolska.com\/pracuj-z-nami\/\"]}]},{\"@type\":\"BreadcrumbList\",\"@id\":\"https:\/\/www.t-errepolska.com\/pracuj-z-nami\/#breadcrumb\",\"itemListElement\":[{\"@type\":\"ListItem\",\"position\":1,\"name\":\"Home\",\"item\":\"https:\/\/www.t-errepolska.com\/\"},{\"@type\":\"ListItem\",\"position\":2,\"name\":\"Pracuj z nami\"}]},{\"@type\":\"WebSite\",\"@id\":\"https:\/\/www.t-errepolska.com\/#website\",\"url\":\"https:\/\/www.t-errepolska.com\/\",\"name\":\"T-ERRE Polska\",\"description\":\"\",\"publisher\":{\"@id\":\"https:\/\/www.t-errepolska.com\/#organization\"},\"potentialAction\":[{\"@type\":\"SearchAction\",\"target\":{\"@type\":\"EntryPoint\",\"urlTemplate\":\"https:\/\/www.t-errepolska.com\/?s={search_term_string}\"},\"query-input\":{\"@type\":\"PropertyValueSpecification\",\"valueRequired\":true,\"valueName\":\"search_term_string\"}}],\"inLanguage\":\"pl-PL\"},{\"@type\":\"Organization\",\"@id\":\"https:\/\/www.t-errepolska.com\/#organization\",\"name\":\"T-ERRE Polska\",\"url\":\"https:\/\/www.t-errepolska.com\/\",\"logo\":{\"@type\":\"ImageObject\",\"inLanguage\":\"pl-PL\",\"@id\":\"https:\/\/www.t-errepolska.com\/#\/schema\/logo\/image\/\",\"url\":\"https:\/\/www.t-errepolska.com\/wp-content\/uploads\/2021\/12\/logo_orizzontale_polonia-1.png\",\"contentUrl\":\"https:\/\/www.t-errepolska.com\/wp-content\/uploads\/2021\/12\/logo_orizzontale_polonia-1.png\",\"width\":502,\"height\":160,\"caption\":\"T-ERRE Polska\"},\"image\":{\"@id\":\"https:\/\/www.t-errepolska.com\/#\/schema\/logo\/image\/\"}}]}<\/script>\n<!-- \/ Yoast SEO plugin. -->","yoast_head_json":{"title":"Pracuj z nami | T-ERRE Polska","robots":{"index":"index","follow":"follow","max-snippet":"max-snippet:-1","max-image-preview":"max-image-preview:large","max-video-preview":"max-video-preview:-1"},"canonical":"https:\/\/www.t-errepolska.com\/pl\/pracuj-z-nami\/","og_locale":"pl_PL","og_type":"article","og_title":"Pracuj z nami | T-ERRE Polska","og_description":"Pracuj z nami W tej sekcji: DLACZEGO T.ERRE POLSKA? W T.Erre Polska d\u0105\u017cymy do stworzenia miejsca pracy opartego na etyce, zaufaniu, przejrzysto\u015bci, profesjonalizmie i pracy zespo\u0142owej. Pracownicy s\u0105 w centrum naszego systemu warto\u015bci. Naszym g\u0142\u00f3wnym celem jest stworzenie przyjaznego \u015brodowiska pracy\u00a0opartego\u00a0na wzajemnym szacunku. \u015arodowisko T.Erre Polska APLIKUJ TERAZ Je\u015bli jeste\u015b got\u00f3w do\u0142\u0105czy\u0107 do naszego zespo\u0142u,\u00a0wybierz [&hellip;]","og_url":"https:\/\/www.t-errepolska.com\/pl\/pracuj-z-nami\/","og_site_name":"T-ERRE Polska","article_modified_time":"2022-04-26T06:52:33+00:00","twitter_card":"summary_large_image","twitter_misc":{"Szacowany czas czytania":"1 minuta"},"schema":{"@context":"https:\/\/schema.org","@graph":[{"@type":"WebPage","@id":"https:\/\/www.t-errepolska.com\/pracuj-z-nami\/","url":"https:\/\/www.t-errepolska.com\/pracuj-z-nami\/","name":"Pracuj z nami | T-ERRE Polska","isPartOf":{"@id":"https:\/\/www.t-errepolska.com\/#website"},"datePublished":"2022-03-22T09:03:55+00:00","dateModified":"2022-04-26T06:52:33+00:00","breadcrumb":{"@id":"https:\/\/www.t-errepolska.com\/pracuj-z-nami\/#breadcrumb"},"inLanguage":"pl-PL","potentialAction":[{"@type":"ReadAction","target":["https:\/\/www.t-errepolska.com\/pracuj-z-nami\/"]}]},{"@type":"BreadcrumbList","@id":"https:\/\/www.t-errepolska.com\/pracuj-z-nami\/#breadcrumb","itemListElement":[{"@type":"ListItem","position":1,"name":"Home","item":"https:\/\/www.t-errepolska.com\/"},{"@type":"ListItem","position":2,"name":"Pracuj z nami"}]},{"@type":"WebSite","@id":"https:\/\/www.t-errepolska.com\/#website","url":"https:\/\/www.t-errepolska.com\/","name":"T-ERRE Polska","description":"","publisher":{"@id":"https:\/\/www.t-errepolska.com\/#organization"},"potentialAction":[{"@type":"SearchAction","target":{"@type":"EntryPoint","urlTemplate":"https:\/\/www.t-errepolska.com\/?s={search_term_string}"},"query-input":{"@type":"PropertyValueSpecification","valueRequired":true,"valueName":"search_term_string"}}],"inLanguage":"pl-PL"},{"@type":"Organization","@id":"https:\/\/www.t-errepolska.com\/#organization","name":"T-ERRE Polska","url":"https:\/\/www.t-errepolska.com\/","logo":{"@type":"ImageObject","inLanguage":"pl-PL","@id":"https:\/\/www.t-errepolska.com\/#\/schema\/logo\/image\/","url":"https:\/\/www.t-errepolska.com\/wp-content\/uploads\/2021\/12\/logo_orizzontale_polonia-1.png","contentUrl":"https:\/\/www.t-errepolska.com\/wp-content\/uploads\/2021\/12\/logo_orizzontale_polonia-1.png","width":502,"height":160,"caption":"T-ERRE Polska"},"image":{"@id":"https:\/\/www.t-errepolska.com\/#\/schema\/logo\/image\/"}}]}},"_links":{"self":[{"href":"https:\/\/www.t-errepolska.com\/pl\/wp-json\/wp\/v2\/pages\/281","targetHints":{"allow":["GET"]}}],"collection":[{"href":"https:\/\/www.t-errepolska.com\/pl\/wp-json\/wp\/v2\/pages"}],"about":[{"href":"https:\/\/www.t-errepolska.com\/pl\/wp-json\/wp\/v2\/types\/page"}],"author":[{"embeddable":true,"href":"https:\/\/www.t-errepolska.com\/pl\/wp-json\/wp\/v2\/users\/1"}],"replies":[{"embeddable":true,"href":"https:\/\/www.t-errepolska.com\/pl\/wp-json\/wp\/v2\/comments?post=281"}],"version-history":[{"count":63,"href":"https:\/\/www.t-errepolska.com\/pl\/wp-json\/wp\/v2\/pages\/281\/revisions"}],"predecessor-version":[{"id":1464,"href":"https:\/\/www.t-errepolska.com\/pl\/wp-json\/wp\/v2\/pages\/281\/revisions\/1464"}],"wp:attachment":[{"href":"https:\/\/www.t-errepolska.com\/pl\/wp-json\/wp\/v2\/media?parent=281"}],"curies":[{"name":"wp","href":"https:\/\/api.w.org\/{rel}","templated":true}]}}