{"id":1240,"date":"2022-03-25T11:44:23","date_gmt":"2022-03-25T10:44:23","guid":{"rendered":"https:\/\/www.t-errepolska.com\/?page_id=1240"},"modified":"2024-05-03T08:56:34","modified_gmt":"2024-05-03T06:56:34","slug":"operacje-montazowe","status":"publish","type":"page","link":"https:\/\/www.t-errepolska.com\/pl\/firma\/procesy\/operacje-montazowe\/","title":{"rendered":"Operacje monta\u017cowe"},"content":{"rendered":"<p>T.ERRE Polska pos\u0142uguje si\u0119 szeroko poj\u0119tymi operacjami monta\u017cowymi wykorzystuj\u0105cymi szereg mo\u017cliwo\u015bci technologicznych a spos\u00f3b i metoda ich u\u017cycia uzale\u017cniony jest od wymaga\u0144 klienta.<\/p>\n<p>Do dyspozycji posiadamy:<\/p>\n<ul>\n<li>w pe\u0142ni zrobotyzowane stacje monta\u017cowe;<\/li>\n<li>p\u00f3\u0142automatyczne zagniatania hydrauliczne;<\/li>\n<li>r\u0119czne operacje \u0142\u0105czenia komponent\u00f3w.<\/li>\n<\/ul>","protected":false},"excerpt":{"rendered":"<p>T.ERRE Polska pos\u0142uguje si\u0119 szeroko poj\u0119tymi operacjami monta\u017cowymi wykorzystuj\u0105cymi szereg mo\u017cliwo\u015bci technologicznych a spos\u00f3b i metoda ich u\u017cycia uzale\u017cniony jest od wymaga\u0144 klienta. Do dyspozycji posiadamy: w pe\u0142ni zrobotyzowane stacje monta\u017cowe; p\u00f3\u0142automatyczne zagniatania hydrauliczne; r\u0119czne operacje \u0142\u0105czenia komponent\u00f3w.<\/p>","protected":false},"author":3,"featured_media":0,"parent":523,"menu_order":0,"comment_status":"closed","ping_status":"closed","template":"","meta":{"_acf_changed":false,"footnotes":""},"class_list":["post-1240","page","type-page","status-publish","hentry"],"acf":[],"yoast_head":"<!-- This site is optimized with the Yoast SEO plugin v25.1 - https:\/\/yoast.com\/wordpress\/plugins\/seo\/ -->\n<title>Operacje monta\u017cowe | T-ERRE Polska<\/title>\n<meta name=\"robots\" content=\"index, follow, max-snippet:-1, max-image-preview:large, max-video-preview:-1\" \/>\n<link rel=\"canonical\" href=\"https:\/\/www.t-errepolska.com\/pl\/firma\/procesy\/operacje-montazowe\/\" \/>\n<meta property=\"og:locale\" content=\"pl_PL\" \/>\n<meta property=\"og:type\" content=\"article\" \/>\n<meta property=\"og:title\" content=\"Operacje monta\u017cowe | T-ERRE Polska\" \/>\n<meta property=\"og:description\" content=\"T.ERRE Polska pos\u0142uguje si\u0119 szeroko poj\u0119tymi operacjami monta\u017cowymi wykorzystuj\u0105cymi szereg mo\u017cliwo\u015bci technologicznych a spos\u00f3b i metoda ich u\u017cycia uzale\u017cniony jest od wymaga\u0144 klienta. Do dyspozycji posiadamy: w pe\u0142ni zrobotyzowane stacje monta\u017cowe; p\u00f3\u0142automatyczne zagniatania hydrauliczne; r\u0119czne operacje \u0142\u0105czenia komponent\u00f3w.\" \/>\n<meta property=\"og:url\" content=\"https:\/\/www.t-errepolska.com\/pl\/firma\/procesy\/operacje-montazowe\/\" \/>\n<meta property=\"og:site_name\" content=\"T-ERRE Polska\" \/>\n<meta property=\"article:modified_time\" content=\"2024-05-03T06:56:34+00:00\" \/>\n<meta name=\"twitter:card\" content=\"summary_large_image\" \/>\n<meta name=\"twitter:label1\" content=\"Szacowany czas czytania\" \/>\n\t<meta name=\"twitter:data1\" content=\"1 minuta\" \/>\n<script type=\"application\/ld+json\" class=\"yoast-schema-graph\">{\"@context\":\"https:\/\/schema.org\",\"@graph\":[{\"@type\":\"WebPage\",\"@id\":\"https:\/\/www.t-errepolska.com\/firma\/procesy\/operacje-montazowe\/\",\"url\":\"https:\/\/www.t-errepolska.com\/firma\/procesy\/operacje-montazowe\/\",\"name\":\"Operacje monta\u017cowe | T-ERRE Polska\",\"isPartOf\":{\"@id\":\"https:\/\/www.t-errepolska.com\/#website\"},\"datePublished\":\"2022-03-25T10:44:23+00:00\",\"dateModified\":\"2024-05-03T06:56:34+00:00\",\"breadcrumb\":{\"@id\":\"https:\/\/www.t-errepolska.com\/firma\/procesy\/operacje-montazowe\/#breadcrumb\"},\"inLanguage\":\"pl-PL\",\"potentialAction\":[{\"@type\":\"ReadAction\",\"target\":[\"https:\/\/www.t-errepolska.com\/firma\/procesy\/operacje-montazowe\/\"]}]},{\"@type\":\"BreadcrumbList\",\"@id\":\"https:\/\/www.t-errepolska.com\/firma\/procesy\/operacje-montazowe\/#breadcrumb\",\"itemListElement\":[{\"@type\":\"ListItem\",\"position\":1,\"name\":\"Home\",\"item\":\"https:\/\/www.t-errepolska.com\/\"},{\"@type\":\"ListItem\",\"position\":2,\"name\":\"Firma\",\"item\":\"https:\/\/www.t-errepolska.com\/firma\/\"},{\"@type\":\"ListItem\",\"position\":3,\"name\":\"Procesy\",\"item\":\"https:\/\/www.t-errepolska.com\/firma\/procesy\/\"},{\"@type\":\"ListItem\",\"position\":4,\"name\":\"Operacje monta\u017cowe\"}]},{\"@type\":\"WebSite\",\"@id\":\"https:\/\/www.t-errepolska.com\/#website\",\"url\":\"https:\/\/www.t-errepolska.com\/\",\"name\":\"T-ERRE Polska\",\"description\":\"\",\"publisher\":{\"@id\":\"https:\/\/www.t-errepolska.com\/#organization\"},\"potentialAction\":[{\"@type\":\"SearchAction\",\"target\":{\"@type\":\"EntryPoint\",\"urlTemplate\":\"https:\/\/www.t-errepolska.com\/?s={search_term_string}\"},\"query-input\":{\"@type\":\"PropertyValueSpecification\",\"valueRequired\":true,\"valueName\":\"search_term_string\"}}],\"inLanguage\":\"pl-PL\"},{\"@type\":\"Organization\",\"@id\":\"https:\/\/www.t-errepolska.com\/#organization\",\"name\":\"T-ERRE Polska\",\"url\":\"https:\/\/www.t-errepolska.com\/\",\"logo\":{\"@type\":\"ImageObject\",\"inLanguage\":\"pl-PL\",\"@id\":\"https:\/\/www.t-errepolska.com\/#\/schema\/logo\/image\/\",\"url\":\"https:\/\/www.t-errepolska.com\/wp-content\/uploads\/2021\/12\/logo_orizzontale_polonia-1.png\",\"contentUrl\":\"https:\/\/www.t-errepolska.com\/wp-content\/uploads\/2021\/12\/logo_orizzontale_polonia-1.png\",\"width\":502,\"height\":160,\"caption\":\"T-ERRE Polska\"},\"image\":{\"@id\":\"https:\/\/www.t-errepolska.com\/#\/schema\/logo\/image\/\"}}]}<\/script>\n<!-- \/ Yoast SEO plugin. -->","yoast_head_json":{"title":"Operacje monta\u017cowe | T-ERRE Polska","robots":{"index":"index","follow":"follow","max-snippet":"max-snippet:-1","max-image-preview":"max-image-preview:large","max-video-preview":"max-video-preview:-1"},"canonical":"https:\/\/www.t-errepolska.com\/pl\/firma\/procesy\/operacje-montazowe\/","og_locale":"pl_PL","og_type":"article","og_title":"Operacje monta\u017cowe | T-ERRE Polska","og_description":"T.ERRE Polska pos\u0142uguje si\u0119 szeroko poj\u0119tymi operacjami monta\u017cowymi wykorzystuj\u0105cymi szereg mo\u017cliwo\u015bci technologicznych a spos\u00f3b i metoda ich u\u017cycia uzale\u017cniony jest od wymaga\u0144 klienta. Do dyspozycji posiadamy: w pe\u0142ni zrobotyzowane stacje monta\u017cowe; p\u00f3\u0142automatyczne zagniatania hydrauliczne; r\u0119czne operacje \u0142\u0105czenia komponent\u00f3w.","og_url":"https:\/\/www.t-errepolska.com\/pl\/firma\/procesy\/operacje-montazowe\/","og_site_name":"T-ERRE Polska","article_modified_time":"2024-05-03T06:56:34+00:00","twitter_card":"summary_large_image","twitter_misc":{"Szacowany czas czytania":"1 minuta"},"schema":{"@context":"https:\/\/schema.org","@graph":[{"@type":"WebPage","@id":"https:\/\/www.t-errepolska.com\/firma\/procesy\/operacje-montazowe\/","url":"https:\/\/www.t-errepolska.com\/firma\/procesy\/operacje-montazowe\/","name":"Operacje monta\u017cowe | T-ERRE Polska","isPartOf":{"@id":"https:\/\/www.t-errepolska.com\/#website"},"datePublished":"2022-03-25T10:44:23+00:00","dateModified":"2024-05-03T06:56:34+00:00","breadcrumb":{"@id":"https:\/\/www.t-errepolska.com\/firma\/procesy\/operacje-montazowe\/#breadcrumb"},"inLanguage":"pl-PL","potentialAction":[{"@type":"ReadAction","target":["https:\/\/www.t-errepolska.com\/firma\/procesy\/operacje-montazowe\/"]}]},{"@type":"BreadcrumbList","@id":"https:\/\/www.t-errepolska.com\/firma\/procesy\/operacje-montazowe\/#breadcrumb","itemListElement":[{"@type":"ListItem","position":1,"name":"Home","item":"https:\/\/www.t-errepolska.com\/"},{"@type":"ListItem","position":2,"name":"Firma","item":"https:\/\/www.t-errepolska.com\/firma\/"},{"@type":"ListItem","position":3,"name":"Procesy","item":"https:\/\/www.t-errepolska.com\/firma\/procesy\/"},{"@type":"ListItem","position":4,"name":"Operacje monta\u017cowe"}]},{"@type":"WebSite","@id":"https:\/\/www.t-errepolska.com\/#website","url":"https:\/\/www.t-errepolska.com\/","name":"T-ERRE Polska","description":"","publisher":{"@id":"https:\/\/www.t-errepolska.com\/#organization"},"potentialAction":[{"@type":"SearchAction","target":{"@type":"EntryPoint","urlTemplate":"https:\/\/www.t-errepolska.com\/?s={search_term_string}"},"query-input":{"@type":"PropertyValueSpecification","valueRequired":true,"valueName":"search_term_string"}}],"inLanguage":"pl-PL"},{"@type":"Organization","@id":"https:\/\/www.t-errepolska.com\/#organization","name":"T-ERRE Polska","url":"https:\/\/www.t-errepolska.com\/","logo":{"@type":"ImageObject","inLanguage":"pl-PL","@id":"https:\/\/www.t-errepolska.com\/#\/schema\/logo\/image\/","url":"https:\/\/www.t-errepolska.com\/wp-content\/uploads\/2021\/12\/logo_orizzontale_polonia-1.png","contentUrl":"https:\/\/www.t-errepolska.com\/wp-content\/uploads\/2021\/12\/logo_orizzontale_polonia-1.png","width":502,"height":160,"caption":"T-ERRE Polska"},"image":{"@id":"https:\/\/www.t-errepolska.com\/#\/schema\/logo\/image\/"}}]}},"_links":{"self":[{"href":"https:\/\/www.t-errepolska.com\/pl\/wp-json\/wp\/v2\/pages\/1240","targetHints":{"allow":["GET"]}}],"collection":[{"href":"https:\/\/www.t-errepolska.com\/pl\/wp-json\/wp\/v2\/pages"}],"about":[{"href":"https:\/\/www.t-errepolska.com\/pl\/wp-json\/wp\/v2\/types\/page"}],"author":[{"embeddable":true,"href":"https:\/\/www.t-errepolska.com\/pl\/wp-json\/wp\/v2\/users\/3"}],"replies":[{"embeddable":true,"href":"https:\/\/www.t-errepolska.com\/pl\/wp-json\/wp\/v2\/comments?post=1240"}],"version-history":[{"count":4,"href":"https:\/\/www.t-errepolska.com\/pl\/wp-json\/wp\/v2\/pages\/1240\/revisions"}],"predecessor-version":[{"id":1514,"href":"https:\/\/www.t-errepolska.com\/pl\/wp-json\/wp\/v2\/pages\/1240\/revisions\/1514"}],"up":[{"embeddable":true,"href":"https:\/\/www.t-errepolska.com\/pl\/wp-json\/wp\/v2\/pages\/523"}],"wp:attachment":[{"href":"https:\/\/www.t-errepolska.com\/pl\/wp-json\/wp\/v2\/media?parent=1240"}],"curies":[{"name":"wp","href":"https:\/\/api.w.org\/{rel}","templated":true}]}}