{"id":1224,"date":"2022-03-25T11:42:45","date_gmt":"2022-03-25T10:42:45","guid":{"rendered":"https:\/\/www.t-errepolska.com\/?page_id=1224"},"modified":"2024-05-03T08:50:16","modified_gmt":"2024-05-03T06:50:16","slug":"giecie","status":"publish","type":"page","link":"https:\/\/www.t-errepolska.com\/pl\/firma\/procesy\/giecie\/","title":{"rendered":"Gi\u0119cie"},"content":{"rendered":"<p>Gi\u0119cie rur o \u015brednicach od \u00f84mm do \u00f845mm wykonywane na maszynach sterowanych numerycznie, mo\u017ce odbywa\u0107 si\u0119 zar\u00f3wno w trybie automatycznym jak i p\u00f3\u0142automatycznym.<\/p>\n<p>Operacja ta ma na celu wykonanie gi\u0119cia wyrobu wskazanego prze klienta, kt\u00f3re niezb\u0119dne jest do prawid\u0142owego umiejscowienia finalnego wyroby w silniku, samochodzie. Ze wzgl\u0119du na skomplikowany, rozbudowany uk\u0142ad silnik\u00f3w, samochod\u00f3w wymagane jest bardzo precyzyjne wykonanie operacji gi\u0119cia z zachowaniem jak najmniejszych odchyle\u0144.<\/p>","protected":false},"excerpt":{"rendered":"<p>Gi\u0119cie rur o \u015brednicach od \u00f84mm do \u00f845mm wykonywane na maszynach sterowanych numerycznie, mo\u017ce odbywa\u0107 si\u0119 zar\u00f3wno w trybie automatycznym jak i p\u00f3\u0142automatycznym. Operacja ta ma na celu wykonanie gi\u0119cia wyrobu wskazanego prze klienta, kt\u00f3re niezb\u0119dne jest do prawid\u0142owego umiejscowienia finalnego wyroby w silniku, samochodzie. Ze wzgl\u0119du na skomplikowany, rozbudowany uk\u0142ad silnik\u00f3w, samochod\u00f3w wymagane jest [&hellip;]<\/p>","protected":false},"author":3,"featured_media":0,"parent":523,"menu_order":0,"comment_status":"closed","ping_status":"closed","template":"","meta":{"_acf_changed":false,"footnotes":""},"class_list":["post-1224","page","type-page","status-publish","hentry"],"acf":[],"yoast_head":"<!-- This site is optimized with the Yoast SEO plugin v25.1 - https:\/\/yoast.com\/wordpress\/plugins\/seo\/ -->\n<title>Gi\u0119cie | T-ERRE Polska<\/title>\n<meta name=\"robots\" content=\"index, follow, max-snippet:-1, max-image-preview:large, max-video-preview:-1\" \/>\n<link rel=\"canonical\" href=\"https:\/\/www.t-errepolska.com\/pl\/firma\/procesy\/giecie\/\" \/>\n<meta property=\"og:locale\" content=\"pl_PL\" \/>\n<meta property=\"og:type\" content=\"article\" \/>\n<meta property=\"og:title\" content=\"Gi\u0119cie | T-ERRE Polska\" \/>\n<meta property=\"og:description\" content=\"Gi\u0119cie rur o \u015brednicach od \u00f84mm do \u00f845mm wykonywane na maszynach sterowanych numerycznie, mo\u017ce odbywa\u0107 si\u0119 zar\u00f3wno w trybie automatycznym jak i p\u00f3\u0142automatycznym. Operacja ta ma na celu wykonanie gi\u0119cia wyrobu wskazanego prze klienta, kt\u00f3re niezb\u0119dne jest do prawid\u0142owego umiejscowienia finalnego wyroby w silniku, samochodzie. Ze wzgl\u0119du na skomplikowany, rozbudowany uk\u0142ad silnik\u00f3w, samochod\u00f3w wymagane jest [&hellip;]\" \/>\n<meta property=\"og:url\" content=\"https:\/\/www.t-errepolska.com\/pl\/firma\/procesy\/giecie\/\" \/>\n<meta property=\"og:site_name\" content=\"T-ERRE Polska\" \/>\n<meta property=\"article:modified_time\" content=\"2024-05-03T06:50:16+00:00\" \/>\n<meta name=\"twitter:card\" content=\"summary_large_image\" \/>\n<script type=\"application\/ld+json\" class=\"yoast-schema-graph\">{\"@context\":\"https:\/\/schema.org\",\"@graph\":[{\"@type\":\"WebPage\",\"@id\":\"https:\/\/www.t-errepolska.com\/firma\/procesy\/giecie\/\",\"url\":\"https:\/\/www.t-errepolska.com\/firma\/procesy\/giecie\/\",\"name\":\"Gi\u0119cie | T-ERRE Polska\",\"isPartOf\":{\"@id\":\"https:\/\/www.t-errepolska.com\/#website\"},\"datePublished\":\"2022-03-25T10:42:45+00:00\",\"dateModified\":\"2024-05-03T06:50:16+00:00\",\"breadcrumb\":{\"@id\":\"https:\/\/www.t-errepolska.com\/firma\/procesy\/giecie\/#breadcrumb\"},\"inLanguage\":\"pl-PL\",\"potentialAction\":[{\"@type\":\"ReadAction\",\"target\":[\"https:\/\/www.t-errepolska.com\/firma\/procesy\/giecie\/\"]}]},{\"@type\":\"BreadcrumbList\",\"@id\":\"https:\/\/www.t-errepolska.com\/firma\/procesy\/giecie\/#breadcrumb\",\"itemListElement\":[{\"@type\":\"ListItem\",\"position\":1,\"name\":\"Home\",\"item\":\"https:\/\/www.t-errepolska.com\/\"},{\"@type\":\"ListItem\",\"position\":2,\"name\":\"Firma\",\"item\":\"https:\/\/www.t-errepolska.com\/firma\/\"},{\"@type\":\"ListItem\",\"position\":3,\"name\":\"Procesy\",\"item\":\"https:\/\/www.t-errepolska.com\/firma\/procesy\/\"},{\"@type\":\"ListItem\",\"position\":4,\"name\":\"Gi\u0119cie\"}]},{\"@type\":\"WebSite\",\"@id\":\"https:\/\/www.t-errepolska.com\/#website\",\"url\":\"https:\/\/www.t-errepolska.com\/\",\"name\":\"T-ERRE Polska\",\"description\":\"\",\"publisher\":{\"@id\":\"https:\/\/www.t-errepolska.com\/#organization\"},\"potentialAction\":[{\"@type\":\"SearchAction\",\"target\":{\"@type\":\"EntryPoint\",\"urlTemplate\":\"https:\/\/www.t-errepolska.com\/?s={search_term_string}\"},\"query-input\":{\"@type\":\"PropertyValueSpecification\",\"valueRequired\":true,\"valueName\":\"search_term_string\"}}],\"inLanguage\":\"pl-PL\"},{\"@type\":\"Organization\",\"@id\":\"https:\/\/www.t-errepolska.com\/#organization\",\"name\":\"T-ERRE Polska\",\"url\":\"https:\/\/www.t-errepolska.com\/\",\"logo\":{\"@type\":\"ImageObject\",\"inLanguage\":\"pl-PL\",\"@id\":\"https:\/\/www.t-errepolska.com\/#\/schema\/logo\/image\/\",\"url\":\"https:\/\/www.t-errepolska.com\/wp-content\/uploads\/2021\/12\/logo_orizzontale_polonia-1.png\",\"contentUrl\":\"https:\/\/www.t-errepolska.com\/wp-content\/uploads\/2021\/12\/logo_orizzontale_polonia-1.png\",\"width\":502,\"height\":160,\"caption\":\"T-ERRE Polska\"},\"image\":{\"@id\":\"https:\/\/www.t-errepolska.com\/#\/schema\/logo\/image\/\"}}]}<\/script>\n<!-- \/ Yoast SEO plugin. -->","yoast_head_json":{"title":"Gi\u0119cie | T-ERRE Polska","robots":{"index":"index","follow":"follow","max-snippet":"max-snippet:-1","max-image-preview":"max-image-preview:large","max-video-preview":"max-video-preview:-1"},"canonical":"https:\/\/www.t-errepolska.com\/pl\/firma\/procesy\/giecie\/","og_locale":"pl_PL","og_type":"article","og_title":"Gi\u0119cie | T-ERRE Polska","og_description":"Gi\u0119cie rur o \u015brednicach od \u00f84mm do \u00f845mm wykonywane na maszynach sterowanych numerycznie, mo\u017ce odbywa\u0107 si\u0119 zar\u00f3wno w trybie automatycznym jak i p\u00f3\u0142automatycznym. Operacja ta ma na celu wykonanie gi\u0119cia wyrobu wskazanego prze klienta, kt\u00f3re niezb\u0119dne jest do prawid\u0142owego umiejscowienia finalnego wyroby w silniku, samochodzie. Ze wzgl\u0119du na skomplikowany, rozbudowany uk\u0142ad silnik\u00f3w, samochod\u00f3w wymagane jest [&hellip;]","og_url":"https:\/\/www.t-errepolska.com\/pl\/firma\/procesy\/giecie\/","og_site_name":"T-ERRE Polska","article_modified_time":"2024-05-03T06:50:16+00:00","twitter_card":"summary_large_image","schema":{"@context":"https:\/\/schema.org","@graph":[{"@type":"WebPage","@id":"https:\/\/www.t-errepolska.com\/firma\/procesy\/giecie\/","url":"https:\/\/www.t-errepolska.com\/firma\/procesy\/giecie\/","name":"Gi\u0119cie | T-ERRE Polska","isPartOf":{"@id":"https:\/\/www.t-errepolska.com\/#website"},"datePublished":"2022-03-25T10:42:45+00:00","dateModified":"2024-05-03T06:50:16+00:00","breadcrumb":{"@id":"https:\/\/www.t-errepolska.com\/firma\/procesy\/giecie\/#breadcrumb"},"inLanguage":"pl-PL","potentialAction":[{"@type":"ReadAction","target":["https:\/\/www.t-errepolska.com\/firma\/procesy\/giecie\/"]}]},{"@type":"BreadcrumbList","@id":"https:\/\/www.t-errepolska.com\/firma\/procesy\/giecie\/#breadcrumb","itemListElement":[{"@type":"ListItem","position":1,"name":"Home","item":"https:\/\/www.t-errepolska.com\/"},{"@type":"ListItem","position":2,"name":"Firma","item":"https:\/\/www.t-errepolska.com\/firma\/"},{"@type":"ListItem","position":3,"name":"Procesy","item":"https:\/\/www.t-errepolska.com\/firma\/procesy\/"},{"@type":"ListItem","position":4,"name":"Gi\u0119cie"}]},{"@type":"WebSite","@id":"https:\/\/www.t-errepolska.com\/#website","url":"https:\/\/www.t-errepolska.com\/","name":"T-ERRE Polska","description":"","publisher":{"@id":"https:\/\/www.t-errepolska.com\/#organization"},"potentialAction":[{"@type":"SearchAction","target":{"@type":"EntryPoint","urlTemplate":"https:\/\/www.t-errepolska.com\/?s={search_term_string}"},"query-input":{"@type":"PropertyValueSpecification","valueRequired":true,"valueName":"search_term_string"}}],"inLanguage":"pl-PL"},{"@type":"Organization","@id":"https:\/\/www.t-errepolska.com\/#organization","name":"T-ERRE Polska","url":"https:\/\/www.t-errepolska.com\/","logo":{"@type":"ImageObject","inLanguage":"pl-PL","@id":"https:\/\/www.t-errepolska.com\/#\/schema\/logo\/image\/","url":"https:\/\/www.t-errepolska.com\/wp-content\/uploads\/2021\/12\/logo_orizzontale_polonia-1.png","contentUrl":"https:\/\/www.t-errepolska.com\/wp-content\/uploads\/2021\/12\/logo_orizzontale_polonia-1.png","width":502,"height":160,"caption":"T-ERRE Polska"},"image":{"@id":"https:\/\/www.t-errepolska.com\/#\/schema\/logo\/image\/"}}]}},"_links":{"self":[{"href":"https:\/\/www.t-errepolska.com\/pl\/wp-json\/wp\/v2\/pages\/1224","targetHints":{"allow":["GET"]}}],"collection":[{"href":"https:\/\/www.t-errepolska.com\/pl\/wp-json\/wp\/v2\/pages"}],"about":[{"href":"https:\/\/www.t-errepolska.com\/pl\/wp-json\/wp\/v2\/types\/page"}],"author":[{"embeddable":true,"href":"https:\/\/www.t-errepolska.com\/pl\/wp-json\/wp\/v2\/users\/3"}],"replies":[{"embeddable":true,"href":"https:\/\/www.t-errepolska.com\/pl\/wp-json\/wp\/v2\/comments?post=1224"}],"version-history":[{"count":3,"href":"https:\/\/www.t-errepolska.com\/pl\/wp-json\/wp\/v2\/pages\/1224\/revisions"}],"predecessor-version":[{"id":1506,"href":"https:\/\/www.t-errepolska.com\/pl\/wp-json\/wp\/v2\/pages\/1224\/revisions\/1506"}],"up":[{"embeddable":true,"href":"https:\/\/www.t-errepolska.com\/pl\/wp-json\/wp\/v2\/pages\/523"}],"wp:attachment":[{"href":"https:\/\/www.t-errepolska.com\/pl\/wp-json\/wp\/v2\/media?parent=1224"}],"curies":[{"name":"wp","href":"https:\/\/api.w.org\/{rel}","templated":true}]}}