{"id":1222,"date":"2022-03-25T11:42:33","date_gmt":"2022-03-25T10:42:33","guid":{"rendered":"https:\/\/www.t-errepolska.com\/?page_id=1222"},"modified":"2024-05-03T08:49:50","modified_gmt":"2024-05-03T06:49:50","slug":"formowanie","status":"publish","type":"page","link":"https:\/\/www.t-errepolska.com\/pl\/firma\/procesy\/formowanie\/","title":{"rendered":"Formowanie"},"content":{"rendered":"<p>W pe\u0142ni automatyczne formowanie zako\u0144cze\u0144 rur wykonywane jest na maszynach sterowanych numerycznie (CNC \u2013 Computerized Numerical Control).<\/p>\n<p>Operacja ta ma na celu wykonanie sp\u0119czenia, nadania odpowiedniego kszta\u0142tu zako\u0144cze\u0144 wyrob\u00f3w, kt\u00f3re w p\u00f3\u017aniejszej fazie produkcji wyrobu odpowiadaj\u0105 za jego prawid\u0142ow\u0105 funkcjonalno\u015b\u0107.<\/p>","protected":false},"excerpt":{"rendered":"<p>W pe\u0142ni automatyczne formowanie zako\u0144cze\u0144 rur wykonywane jest na maszynach sterowanych numerycznie (CNC \u2013 Computerized Numerical Control). Operacja ta ma na celu wykonanie sp\u0119czenia, nadania odpowiedniego kszta\u0142tu zako\u0144cze\u0144 wyrob\u00f3w, kt\u00f3re w p\u00f3\u017aniejszej fazie produkcji wyrobu odpowiadaj\u0105 za jego prawid\u0142ow\u0105 funkcjonalno\u015b\u0107.<\/p>","protected":false},"author":3,"featured_media":0,"parent":523,"menu_order":0,"comment_status":"closed","ping_status":"closed","template":"","meta":{"_acf_changed":false,"footnotes":""},"class_list":["post-1222","page","type-page","status-publish","hentry"],"acf":[],"yoast_head":"<!-- This site is optimized with the Yoast SEO plugin v25.1 - https:\/\/yoast.com\/wordpress\/plugins\/seo\/ -->\n<title>Formowanie | T-ERRE Polska<\/title>\n<meta name=\"robots\" content=\"index, follow, max-snippet:-1, max-image-preview:large, max-video-preview:-1\" \/>\n<link rel=\"canonical\" href=\"https:\/\/www.t-errepolska.com\/pl\/firma\/procesy\/formowanie\/\" \/>\n<meta property=\"og:locale\" content=\"pl_PL\" \/>\n<meta property=\"og:type\" content=\"article\" \/>\n<meta property=\"og:title\" content=\"Formowanie | T-ERRE Polska\" \/>\n<meta property=\"og:description\" content=\"W pe\u0142ni automatyczne formowanie zako\u0144cze\u0144 rur wykonywane jest na maszynach sterowanych numerycznie (CNC \u2013 Computerized Numerical Control). Operacja ta ma na celu wykonanie sp\u0119czenia, nadania odpowiedniego kszta\u0142tu zako\u0144cze\u0144 wyrob\u00f3w, kt\u00f3re w p\u00f3\u017aniejszej fazie produkcji wyrobu odpowiadaj\u0105 za jego prawid\u0142ow\u0105 funkcjonalno\u015b\u0107.\" \/>\n<meta property=\"og:url\" content=\"https:\/\/www.t-errepolska.com\/pl\/firma\/procesy\/formowanie\/\" \/>\n<meta property=\"og:site_name\" content=\"T-ERRE Polska\" \/>\n<meta property=\"article:modified_time\" content=\"2024-05-03T06:49:50+00:00\" \/>\n<meta name=\"twitter:card\" content=\"summary_large_image\" \/>\n<meta name=\"twitter:label1\" content=\"Szacowany czas czytania\" \/>\n\t<meta name=\"twitter:data1\" content=\"1 minuta\" \/>\n<script type=\"application\/ld+json\" class=\"yoast-schema-graph\">{\"@context\":\"https:\/\/schema.org\",\"@graph\":[{\"@type\":\"WebPage\",\"@id\":\"https:\/\/www.t-errepolska.com\/firma\/procesy\/formowanie\/\",\"url\":\"https:\/\/www.t-errepolska.com\/firma\/procesy\/formowanie\/\",\"name\":\"Formowanie | T-ERRE Polska\",\"isPartOf\":{\"@id\":\"https:\/\/www.t-errepolska.com\/#website\"},\"datePublished\":\"2022-03-25T10:42:33+00:00\",\"dateModified\":\"2024-05-03T06:49:50+00:00\",\"breadcrumb\":{\"@id\":\"https:\/\/www.t-errepolska.com\/firma\/procesy\/formowanie\/#breadcrumb\"},\"inLanguage\":\"pl-PL\",\"potentialAction\":[{\"@type\":\"ReadAction\",\"target\":[\"https:\/\/www.t-errepolska.com\/firma\/procesy\/formowanie\/\"]}]},{\"@type\":\"BreadcrumbList\",\"@id\":\"https:\/\/www.t-errepolska.com\/firma\/procesy\/formowanie\/#breadcrumb\",\"itemListElement\":[{\"@type\":\"ListItem\",\"position\":1,\"name\":\"Home\",\"item\":\"https:\/\/www.t-errepolska.com\/\"},{\"@type\":\"ListItem\",\"position\":2,\"name\":\"Firma\",\"item\":\"https:\/\/www.t-errepolska.com\/firma\/\"},{\"@type\":\"ListItem\",\"position\":3,\"name\":\"Procesy\",\"item\":\"https:\/\/www.t-errepolska.com\/firma\/procesy\/\"},{\"@type\":\"ListItem\",\"position\":4,\"name\":\"Formowanie\"}]},{\"@type\":\"WebSite\",\"@id\":\"https:\/\/www.t-errepolska.com\/#website\",\"url\":\"https:\/\/www.t-errepolska.com\/\",\"name\":\"T-ERRE Polska\",\"description\":\"\",\"publisher\":{\"@id\":\"https:\/\/www.t-errepolska.com\/#organization\"},\"potentialAction\":[{\"@type\":\"SearchAction\",\"target\":{\"@type\":\"EntryPoint\",\"urlTemplate\":\"https:\/\/www.t-errepolska.com\/?s={search_term_string}\"},\"query-input\":{\"@type\":\"PropertyValueSpecification\",\"valueRequired\":true,\"valueName\":\"search_term_string\"}}],\"inLanguage\":\"pl-PL\"},{\"@type\":\"Organization\",\"@id\":\"https:\/\/www.t-errepolska.com\/#organization\",\"name\":\"T-ERRE Polska\",\"url\":\"https:\/\/www.t-errepolska.com\/\",\"logo\":{\"@type\":\"ImageObject\",\"inLanguage\":\"pl-PL\",\"@id\":\"https:\/\/www.t-errepolska.com\/#\/schema\/logo\/image\/\",\"url\":\"https:\/\/www.t-errepolska.com\/wp-content\/uploads\/2021\/12\/logo_orizzontale_polonia-1.png\",\"contentUrl\":\"https:\/\/www.t-errepolska.com\/wp-content\/uploads\/2021\/12\/logo_orizzontale_polonia-1.png\",\"width\":502,\"height\":160,\"caption\":\"T-ERRE Polska\"},\"image\":{\"@id\":\"https:\/\/www.t-errepolska.com\/#\/schema\/logo\/image\/\"}}]}<\/script>\n<!-- \/ Yoast SEO plugin. -->","yoast_head_json":{"title":"Formowanie | T-ERRE Polska","robots":{"index":"index","follow":"follow","max-snippet":"max-snippet:-1","max-image-preview":"max-image-preview:large","max-video-preview":"max-video-preview:-1"},"canonical":"https:\/\/www.t-errepolska.com\/pl\/firma\/procesy\/formowanie\/","og_locale":"pl_PL","og_type":"article","og_title":"Formowanie | T-ERRE Polska","og_description":"W pe\u0142ni automatyczne formowanie zako\u0144cze\u0144 rur wykonywane jest na maszynach sterowanych numerycznie (CNC \u2013 Computerized Numerical Control). Operacja ta ma na celu wykonanie sp\u0119czenia, nadania odpowiedniego kszta\u0142tu zako\u0144cze\u0144 wyrob\u00f3w, kt\u00f3re w p\u00f3\u017aniejszej fazie produkcji wyrobu odpowiadaj\u0105 za jego prawid\u0142ow\u0105 funkcjonalno\u015b\u0107.","og_url":"https:\/\/www.t-errepolska.com\/pl\/firma\/procesy\/formowanie\/","og_site_name":"T-ERRE Polska","article_modified_time":"2024-05-03T06:49:50+00:00","twitter_card":"summary_large_image","twitter_misc":{"Szacowany czas czytania":"1 minuta"},"schema":{"@context":"https:\/\/schema.org","@graph":[{"@type":"WebPage","@id":"https:\/\/www.t-errepolska.com\/firma\/procesy\/formowanie\/","url":"https:\/\/www.t-errepolska.com\/firma\/procesy\/formowanie\/","name":"Formowanie | T-ERRE Polska","isPartOf":{"@id":"https:\/\/www.t-errepolska.com\/#website"},"datePublished":"2022-03-25T10:42:33+00:00","dateModified":"2024-05-03T06:49:50+00:00","breadcrumb":{"@id":"https:\/\/www.t-errepolska.com\/firma\/procesy\/formowanie\/#breadcrumb"},"inLanguage":"pl-PL","potentialAction":[{"@type":"ReadAction","target":["https:\/\/www.t-errepolska.com\/firma\/procesy\/formowanie\/"]}]},{"@type":"BreadcrumbList","@id":"https:\/\/www.t-errepolska.com\/firma\/procesy\/formowanie\/#breadcrumb","itemListElement":[{"@type":"ListItem","position":1,"name":"Home","item":"https:\/\/www.t-errepolska.com\/"},{"@type":"ListItem","position":2,"name":"Firma","item":"https:\/\/www.t-errepolska.com\/firma\/"},{"@type":"ListItem","position":3,"name":"Procesy","item":"https:\/\/www.t-errepolska.com\/firma\/procesy\/"},{"@type":"ListItem","position":4,"name":"Formowanie"}]},{"@type":"WebSite","@id":"https:\/\/www.t-errepolska.com\/#website","url":"https:\/\/www.t-errepolska.com\/","name":"T-ERRE Polska","description":"","publisher":{"@id":"https:\/\/www.t-errepolska.com\/#organization"},"potentialAction":[{"@type":"SearchAction","target":{"@type":"EntryPoint","urlTemplate":"https:\/\/www.t-errepolska.com\/?s={search_term_string}"},"query-input":{"@type":"PropertyValueSpecification","valueRequired":true,"valueName":"search_term_string"}}],"inLanguage":"pl-PL"},{"@type":"Organization","@id":"https:\/\/www.t-errepolska.com\/#organization","name":"T-ERRE Polska","url":"https:\/\/www.t-errepolska.com\/","logo":{"@type":"ImageObject","inLanguage":"pl-PL","@id":"https:\/\/www.t-errepolska.com\/#\/schema\/logo\/image\/","url":"https:\/\/www.t-errepolska.com\/wp-content\/uploads\/2021\/12\/logo_orizzontale_polonia-1.png","contentUrl":"https:\/\/www.t-errepolska.com\/wp-content\/uploads\/2021\/12\/logo_orizzontale_polonia-1.png","width":502,"height":160,"caption":"T-ERRE Polska"},"image":{"@id":"https:\/\/www.t-errepolska.com\/#\/schema\/logo\/image\/"}}]}},"_links":{"self":[{"href":"https:\/\/www.t-errepolska.com\/pl\/wp-json\/wp\/v2\/pages\/1222","targetHints":{"allow":["GET"]}}],"collection":[{"href":"https:\/\/www.t-errepolska.com\/pl\/wp-json\/wp\/v2\/pages"}],"about":[{"href":"https:\/\/www.t-errepolska.com\/pl\/wp-json\/wp\/v2\/types\/page"}],"author":[{"embeddable":true,"href":"https:\/\/www.t-errepolska.com\/pl\/wp-json\/wp\/v2\/users\/3"}],"replies":[{"embeddable":true,"href":"https:\/\/www.t-errepolska.com\/pl\/wp-json\/wp\/v2\/comments?post=1222"}],"version-history":[{"count":3,"href":"https:\/\/www.t-errepolska.com\/pl\/wp-json\/wp\/v2\/pages\/1222\/revisions"}],"predecessor-version":[{"id":1505,"href":"https:\/\/www.t-errepolska.com\/pl\/wp-json\/wp\/v2\/pages\/1222\/revisions\/1505"}],"up":[{"embeddable":true,"href":"https:\/\/www.t-errepolska.com\/pl\/wp-json\/wp\/v2\/pages\/523"}],"wp:attachment":[{"href":"https:\/\/www.t-errepolska.com\/pl\/wp-json\/wp\/v2\/media?parent=1222"}],"curies":[{"name":"wp","href":"https:\/\/api.w.org\/{rel}","templated":true}]}}