{"id":1173,"date":"2022-03-25T10:59:39","date_gmt":"2022-03-25T09:59:39","guid":{"rendered":"https:\/\/www.t-errepolska.com\/?page_id=1173"},"modified":"2022-04-01T09:31:50","modified_gmt":"2022-04-01T07:31:50","slug":"optymalizacja-wykorzystania-opakowan","status":"publish","type":"page","link":"https:\/\/www.t-errepolska.com\/pl\/firma\/zrownowazony-rozwoj\/optymalizacja-wykorzystania-opakowan\/","title":{"rendered":"Optymalizacja wykorzystania opakowa\u0144"},"content":{"rendered":"<p>T.Erre Polska bezustannie stara si\u0119 zredukowa\u0107 ilo\u015bci materia\u0142\u00f3w stosowanych do pakowania, wybieraj\u0105c materia\u0142y nadaj\u0105ce si\u0119 do recyklingu oraz takie pochodz\u0105ce z zasob\u00f3w odnawialnych. T.Erre Polska d\u0105\u017cy r\u00f3wnie\u017c do optymalizacji logistyki, aby zmaksymalizowa\u0107 nasycenie w magazynowaniu i transporcie.<\/p>","protected":false},"excerpt":{"rendered":"<p>T.Erre Polska bezustannie stara si\u0119 zredukowa\u0107 ilo\u015bci materia\u0142\u00f3w stosowanych do pakowania, wybieraj\u0105c materia\u0142y nadaj\u0105ce si\u0119 do recyklingu oraz takie pochodz\u0105ce z zasob\u00f3w odnawialnych. T.Erre Polska d\u0105\u017cy r\u00f3wnie\u017c do optymalizacji logistyki, aby zmaksymalizowa\u0107 nasycenie w magazynowaniu i transporcie.<\/p>","protected":false},"author":3,"featured_media":0,"parent":365,"menu_order":0,"comment_status":"closed","ping_status":"closed","template":"","meta":{"_acf_changed":false,"footnotes":""},"class_list":["post-1173","page","type-page","status-publish","hentry"],"acf":[],"yoast_head":"<!-- This site is optimized with the Yoast SEO plugin v25.1 - https:\/\/yoast.com\/wordpress\/plugins\/seo\/ -->\n<title>Optymalizacja wykorzystania opakowa\u0144 | T-ERRE Polska<\/title>\n<meta name=\"robots\" content=\"index, follow, max-snippet:-1, max-image-preview:large, max-video-preview:-1\" \/>\n<link rel=\"canonical\" href=\"https:\/\/www.t-errepolska.com\/pl\/firma\/zrownowazony-rozwoj\/optymalizacja-wykorzystania-opakowan\/\" \/>\n<meta property=\"og:locale\" content=\"pl_PL\" \/>\n<meta property=\"og:type\" content=\"article\" \/>\n<meta property=\"og:title\" content=\"Optymalizacja wykorzystania opakowa\u0144 | T-ERRE Polska\" \/>\n<meta property=\"og:description\" content=\"T.Erre Polska bezustannie stara si\u0119 zredukowa\u0107 ilo\u015bci materia\u0142\u00f3w stosowanych do pakowania, wybieraj\u0105c materia\u0142y nadaj\u0105ce si\u0119 do recyklingu oraz takie pochodz\u0105ce z zasob\u00f3w odnawialnych. T.Erre Polska d\u0105\u017cy r\u00f3wnie\u017c do optymalizacji logistyki, aby zmaksymalizowa\u0107 nasycenie w magazynowaniu i transporcie.\" \/>\n<meta property=\"og:url\" content=\"https:\/\/www.t-errepolska.com\/pl\/firma\/zrownowazony-rozwoj\/optymalizacja-wykorzystania-opakowan\/\" \/>\n<meta property=\"og:site_name\" content=\"T-ERRE Polska\" \/>\n<meta property=\"article:modified_time\" content=\"2022-04-01T07:31:50+00:00\" \/>\n<meta name=\"twitter:card\" content=\"summary_large_image\" \/>\n<meta name=\"twitter:label1\" content=\"Szacowany czas czytania\" \/>\n\t<meta name=\"twitter:data1\" content=\"1 minuta\" \/>\n<script type=\"application\/ld+json\" class=\"yoast-schema-graph\">{\"@context\":\"https:\/\/schema.org\",\"@graph\":[{\"@type\":\"WebPage\",\"@id\":\"https:\/\/www.t-errepolska.com\/firma\/zrownowazony-rozwoj\/optymalizacja-wykorzystania-opakowan\/\",\"url\":\"https:\/\/www.t-errepolska.com\/firma\/zrownowazony-rozwoj\/optymalizacja-wykorzystania-opakowan\/\",\"name\":\"Optymalizacja wykorzystania opakowa\u0144 | T-ERRE Polska\",\"isPartOf\":{\"@id\":\"https:\/\/www.t-errepolska.com\/#website\"},\"datePublished\":\"2022-03-25T09:59:39+00:00\",\"dateModified\":\"2022-04-01T07:31:50+00:00\",\"breadcrumb\":{\"@id\":\"https:\/\/www.t-errepolska.com\/firma\/zrownowazony-rozwoj\/optymalizacja-wykorzystania-opakowan\/#breadcrumb\"},\"inLanguage\":\"pl-PL\",\"potentialAction\":[{\"@type\":\"ReadAction\",\"target\":[\"https:\/\/www.t-errepolska.com\/firma\/zrownowazony-rozwoj\/optymalizacja-wykorzystania-opakowan\/\"]}]},{\"@type\":\"BreadcrumbList\",\"@id\":\"https:\/\/www.t-errepolska.com\/firma\/zrownowazony-rozwoj\/optymalizacja-wykorzystania-opakowan\/#breadcrumb\",\"itemListElement\":[{\"@type\":\"ListItem\",\"position\":1,\"name\":\"Home\",\"item\":\"https:\/\/www.t-errepolska.com\/\"},{\"@type\":\"ListItem\",\"position\":2,\"name\":\"Firma\",\"item\":\"https:\/\/www.t-errepolska.com\/firma\/\"},{\"@type\":\"ListItem\",\"position\":3,\"name\":\"Zr\u00f3wnowa\u017cony rozw\u00f3j\",\"item\":\"https:\/\/www.t-errepolska.com\/firma\/zrownowazony-rozwoj\/\"},{\"@type\":\"ListItem\",\"position\":4,\"name\":\"Optymalizacja wykorzystania opakowa\u0144\"}]},{\"@type\":\"WebSite\",\"@id\":\"https:\/\/www.t-errepolska.com\/#website\",\"url\":\"https:\/\/www.t-errepolska.com\/\",\"name\":\"T-ERRE Polska\",\"description\":\"\",\"publisher\":{\"@id\":\"https:\/\/www.t-errepolska.com\/#organization\"},\"potentialAction\":[{\"@type\":\"SearchAction\",\"target\":{\"@type\":\"EntryPoint\",\"urlTemplate\":\"https:\/\/www.t-errepolska.com\/?s={search_term_string}\"},\"query-input\":{\"@type\":\"PropertyValueSpecification\",\"valueRequired\":true,\"valueName\":\"search_term_string\"}}],\"inLanguage\":\"pl-PL\"},{\"@type\":\"Organization\",\"@id\":\"https:\/\/www.t-errepolska.com\/#organization\",\"name\":\"T-ERRE Polska\",\"url\":\"https:\/\/www.t-errepolska.com\/\",\"logo\":{\"@type\":\"ImageObject\",\"inLanguage\":\"pl-PL\",\"@id\":\"https:\/\/www.t-errepolska.com\/#\/schema\/logo\/image\/\",\"url\":\"https:\/\/www.t-errepolska.com\/wp-content\/uploads\/2021\/12\/logo_orizzontale_polonia-1.png\",\"contentUrl\":\"https:\/\/www.t-errepolska.com\/wp-content\/uploads\/2021\/12\/logo_orizzontale_polonia-1.png\",\"width\":502,\"height\":160,\"caption\":\"T-ERRE Polska\"},\"image\":{\"@id\":\"https:\/\/www.t-errepolska.com\/#\/schema\/logo\/image\/\"}}]}<\/script>\n<!-- \/ Yoast SEO plugin. -->","yoast_head_json":{"title":"Optymalizacja wykorzystania opakowa\u0144 | T-ERRE Polska","robots":{"index":"index","follow":"follow","max-snippet":"max-snippet:-1","max-image-preview":"max-image-preview:large","max-video-preview":"max-video-preview:-1"},"canonical":"https:\/\/www.t-errepolska.com\/pl\/firma\/zrownowazony-rozwoj\/optymalizacja-wykorzystania-opakowan\/","og_locale":"pl_PL","og_type":"article","og_title":"Optymalizacja wykorzystania opakowa\u0144 | T-ERRE Polska","og_description":"T.Erre Polska bezustannie stara si\u0119 zredukowa\u0107 ilo\u015bci materia\u0142\u00f3w stosowanych do pakowania, wybieraj\u0105c materia\u0142y nadaj\u0105ce si\u0119 do recyklingu oraz takie pochodz\u0105ce z zasob\u00f3w odnawialnych. T.Erre Polska d\u0105\u017cy r\u00f3wnie\u017c do optymalizacji logistyki, aby zmaksymalizowa\u0107 nasycenie w magazynowaniu i transporcie.","og_url":"https:\/\/www.t-errepolska.com\/pl\/firma\/zrownowazony-rozwoj\/optymalizacja-wykorzystania-opakowan\/","og_site_name":"T-ERRE Polska","article_modified_time":"2022-04-01T07:31:50+00:00","twitter_card":"summary_large_image","twitter_misc":{"Szacowany czas czytania":"1 minuta"},"schema":{"@context":"https:\/\/schema.org","@graph":[{"@type":"WebPage","@id":"https:\/\/www.t-errepolska.com\/firma\/zrownowazony-rozwoj\/optymalizacja-wykorzystania-opakowan\/","url":"https:\/\/www.t-errepolska.com\/firma\/zrownowazony-rozwoj\/optymalizacja-wykorzystania-opakowan\/","name":"Optymalizacja wykorzystania opakowa\u0144 | T-ERRE Polska","isPartOf":{"@id":"https:\/\/www.t-errepolska.com\/#website"},"datePublished":"2022-03-25T09:59:39+00:00","dateModified":"2022-04-01T07:31:50+00:00","breadcrumb":{"@id":"https:\/\/www.t-errepolska.com\/firma\/zrownowazony-rozwoj\/optymalizacja-wykorzystania-opakowan\/#breadcrumb"},"inLanguage":"pl-PL","potentialAction":[{"@type":"ReadAction","target":["https:\/\/www.t-errepolska.com\/firma\/zrownowazony-rozwoj\/optymalizacja-wykorzystania-opakowan\/"]}]},{"@type":"BreadcrumbList","@id":"https:\/\/www.t-errepolska.com\/firma\/zrownowazony-rozwoj\/optymalizacja-wykorzystania-opakowan\/#breadcrumb","itemListElement":[{"@type":"ListItem","position":1,"name":"Home","item":"https:\/\/www.t-errepolska.com\/"},{"@type":"ListItem","position":2,"name":"Firma","item":"https:\/\/www.t-errepolska.com\/firma\/"},{"@type":"ListItem","position":3,"name":"Zr\u00f3wnowa\u017cony rozw\u00f3j","item":"https:\/\/www.t-errepolska.com\/firma\/zrownowazony-rozwoj\/"},{"@type":"ListItem","position":4,"name":"Optymalizacja wykorzystania opakowa\u0144"}]},{"@type":"WebSite","@id":"https:\/\/www.t-errepolska.com\/#website","url":"https:\/\/www.t-errepolska.com\/","name":"T-ERRE Polska","description":"","publisher":{"@id":"https:\/\/www.t-errepolska.com\/#organization"},"potentialAction":[{"@type":"SearchAction","target":{"@type":"EntryPoint","urlTemplate":"https:\/\/www.t-errepolska.com\/?s={search_term_string}"},"query-input":{"@type":"PropertyValueSpecification","valueRequired":true,"valueName":"search_term_string"}}],"inLanguage":"pl-PL"},{"@type":"Organization","@id":"https:\/\/www.t-errepolska.com\/#organization","name":"T-ERRE Polska","url":"https:\/\/www.t-errepolska.com\/","logo":{"@type":"ImageObject","inLanguage":"pl-PL","@id":"https:\/\/www.t-errepolska.com\/#\/schema\/logo\/image\/","url":"https:\/\/www.t-errepolska.com\/wp-content\/uploads\/2021\/12\/logo_orizzontale_polonia-1.png","contentUrl":"https:\/\/www.t-errepolska.com\/wp-content\/uploads\/2021\/12\/logo_orizzontale_polonia-1.png","width":502,"height":160,"caption":"T-ERRE Polska"},"image":{"@id":"https:\/\/www.t-errepolska.com\/#\/schema\/logo\/image\/"}}]}},"_links":{"self":[{"href":"https:\/\/www.t-errepolska.com\/pl\/wp-json\/wp\/v2\/pages\/1173","targetHints":{"allow":["GET"]}}],"collection":[{"href":"https:\/\/www.t-errepolska.com\/pl\/wp-json\/wp\/v2\/pages"}],"about":[{"href":"https:\/\/www.t-errepolska.com\/pl\/wp-json\/wp\/v2\/types\/page"}],"author":[{"embeddable":true,"href":"https:\/\/www.t-errepolska.com\/pl\/wp-json\/wp\/v2\/users\/3"}],"replies":[{"embeddable":true,"href":"https:\/\/www.t-errepolska.com\/pl\/wp-json\/wp\/v2\/comments?post=1173"}],"version-history":[{"count":6,"href":"https:\/\/www.t-errepolska.com\/pl\/wp-json\/wp\/v2\/pages\/1173\/revisions"}],"predecessor-version":[{"id":1348,"href":"https:\/\/www.t-errepolska.com\/pl\/wp-json\/wp\/v2\/pages\/1173\/revisions\/1348"}],"up":[{"embeddable":true,"href":"https:\/\/www.t-errepolska.com\/pl\/wp-json\/wp\/v2\/pages\/365"}],"wp:attachment":[{"href":"https:\/\/www.t-errepolska.com\/pl\/wp-json\/wp\/v2\/media?parent=1173"}],"curies":[{"name":"wp","href":"https:\/\/api.w.org\/{rel}","templated":true}]}}